{"id":1814,"date":"2024-06-17T16:19:38","date_gmt":"2024-06-17T14:19:38","guid":{"rendered":"https:\/\/al-lepellerin.fr\/?page_id=1814"},"modified":"2026-02-26T12:01:47","modified_gmt":"2026-02-26T11:01:47","slug":"graines-dartistes","status":"publish","type":"page","link":"https:\/\/al-lepellerin.fr\/index.php\/graines-dartistes\/","title":{"rendered":"Graines d&rsquo;artistes"},"content":{"rendered":"\n<p><\/p>\n\n\n<div class=\"wp-block-image\">\n<figure class=\"aligncenter size-large is-resized\"><img loading=\"lazy\" decoding=\"async\" width=\"1004\" height=\"1024\" src=\"https:\/\/al-lepellerin.fr\/wp-content\/uploads\/2026\/02\/aymeric_portrait_chinois2_ok-1004x1024.jpg\" alt=\"\" class=\"wp-image-2140\" style=\"aspect-ratio:0.9804811620517476;width:445px;height:auto\" srcset=\"https:\/\/al-lepellerin.fr\/wp-content\/uploads\/2026\/02\/aymeric_portrait_chinois2_ok-1004x1024.jpg 1004w, https:\/\/al-lepellerin.fr\/wp-content\/uploads\/2026\/02\/aymeric_portrait_chinois2_ok-294x300.jpg 294w, https:\/\/al-lepellerin.fr\/wp-content\/uploads\/2026\/02\/aymeric_portrait_chinois2_ok-768x783.jpg 768w, https:\/\/al-lepellerin.fr\/wp-content\/uploads\/2026\/02\/aymeric_portrait_chinois2_ok.jpg 1321w\" sizes=\"auto, (max-width: 1004px) 100vw, 1004px\" \/><\/figure>\n<\/div>\n\n\n<p class=\"has-text-align-center has-medium-font-size\"><strong>Anim\u00e9e par\u00a0Aymeric Jeay, professeur et ancien \u00e9tudiant aux Beaux-Arts de Nantes, la section Graines d&rsquo;Artistes de l&rsquo;Amicale La\u00efque du Pellerin propose 3 types d&rsquo;ateliers :<\/strong><\/p>\n\n\n\n<p><strong>1 &#8211; Ateliers Arts Plastiques pour Adultes (lundi 10h-12h)<\/strong><\/p>\n\n\n\n<p>L&rsquo;atelier propose la d\u00e9couverte ou l&rsquo;approfondissement de diff\u00e9rentes techniques et genres picturaux (dessin d&rsquo;observation au trait, mod\u00e8le vivant, nature morte, dessin d&rsquo;imagination, pastels, aquarelle, acrylique, huile&#8230;) pouvant aller jusqu&rsquo;au d\u00e9veloppement d&rsquo;une d\u00e9marche artistique plus personnelle.&nbsp;<\/p>\n\n\n\n<p><strong>2 &#8211; Ateliers Arts Plastiques pour enfants et adolescents (mercredi 14h15-15h45)<\/strong><\/p>\n\n\n\n<p>L&rsquo;atelier est centr\u00e9 sur la fabrication d&rsquo;objets dessin\u00e9s en deux dimensions ou en volume \u00e0 emporter chez soi : illustrations, bandes dessin\u00e9es, fresques collectives, masques, maison en 3D, autoportraits en pied&#8230; Dans un esprit ludique o\u00f9 l&rsquo;imagination est de rigueur !<\/p>\n\n\n\n<p><strong>3 &#8211; Atelier de film d&rsquo;animation pour enfants de 6 \u00e0 12 ans (lundi 17h-18h30)<\/strong><\/p>\n\n\n\n<p>L&rsquo;ateleir propose la r\u00e9alisation collective d&rsquo;un dessin anim\u00e9, de l&rsquo;\u00e9criture du sc\u00e9nario \u00e0 la cr\u00e9ation des d\u00e9cors et personnages en dessins d\u00e9coup\u00e9s, puis au filmage en stop motion jusqu&rsquo;\u00e0 l&rsquo;enregistrement des dialogues, bruitages et musique. Au final, un petit film de 5 \u00e0 10 minutes que les enfants peuvent garder avec eux sur clef USB !<\/p>\n\n\n\n<p>D\u00e9roulement des activit\u00e9s :&nbsp;<\/p>\n\n\n\n<p>Tous les lundis et mercredis en p\u00e9riode scolaire, salle de la Loire \u00e0 l\u2019Espace Culturel Adine Riom all\u00e9e George Sand au Pellerin.<\/p>\n\n\n\n<p>Arts Plastiques pour les adultes : le lundi de 10h \u00e0 12h ou de 14h \u00e0 16h<\/p>\n\n\n\n<p>Film d&rsquo;Animation pour les enfants : le lundi de 17h \u00e0 18h30&nbsp;<\/p>\n\n\n\n<p>Arts Plastiques pour les enfants et adolescents : le mercredi de 14h15 \u00e0 15h45<\/p>\n\n\n\n<p><strong>Autres cr\u00e9neaux possibles en fonction de la demande :<\/strong><\/p>\n\n\n\n<p>Arts Plastiques pour les ados : le mercredi de 16h \u00e0 17h30<\/p>\n\n\n\n<p>Cours ados\/adultes le mercredi de 18h \u00e0 19h30 et le lundi de 19h \u00e0 20h30Contacts et inscriptions :<\/p>\n\n\n\n<p>Anne-Sophie 06.15.70.06.44 \/&nbsp;<a href=\"mailto:grainesdartistes@al-lepellerin.fr\" rel=\"noreferrer noopener\" target=\"_blank\">grainesdartistes@al-lepellerin.fr<\/a><\/p>\n\n\n\n<p class=\"has-text-align-left\">Aymeric (professeur) : 06.28.34.16.91<\/p>\n\n\n<div class=\"wpforms-container wpforms-container-full wpforms-render-modern\" id=\"wpforms-1910\"><form id=\"wpforms-form-1910\" class=\"wpforms-validate wpforms-form wpforms-ajax-form\" data-formid=\"1910\" method=\"post\" enctype=\"multipart\/form-data\" action=\"\/index.php\/wp-json\/wp\/v2\/pages\/1814\" data-token=\"58c5b4f4e261725baf9a5cee7569a1aa\" data-token-time=\"1778329987\"><noscript class=\"wpforms-error-noscript\">Veuillez activer JavaScript dans votre navigateur pour remplir ce formulaire.<\/noscript><div class=\"wpforms-hidden\" id=\"wpforms-error-noscript\">Veuillez activer JavaScript dans votre navigateur pour remplir ce formulaire.<\/div><div class=\"wpforms-field-container\"><div id=\"wpforms-1910-field_0-container\" class=\"wpforms-field wpforms-field-name\" data-field-id=\"0\"><fieldset><legend class=\"wpforms-field-label\">Nom <span class=\"wpforms-required-label\" aria-hidden=\"true\">*<\/span><\/legend><div class=\"wpforms-field-row wpforms-field-medium\"><div class=\"wpforms-field-row-block wpforms-first wpforms-one-half\"><input type=\"text\" id=\"wpforms-1910-field_0\" class=\"wpforms-field-name-first wpforms-field-required\" name=\"wpforms[fields][0][first]\" aria-errormessage=\"wpforms-1910-field_0-error\" required><label for=\"wpforms-1910-field_0\" class=\"wpforms-field-sublabel after \">Pr\u00e9nom<\/label><\/div><div class=\"wpforms-field-row-block wpforms-one-half\"><input type=\"text\" id=\"wpforms-1910-field_0-last\" class=\"wpforms-field-name-last wpforms-field-required\" name=\"wpforms[fields][0][last]\" aria-errormessage=\"wpforms-1910-field_0-last-error\" required><label for=\"wpforms-1910-field_0-last\" class=\"wpforms-field-sublabel after \">Nom<\/label><\/div><\/div><\/fieldset><\/div><div id=\"wpforms-1910-field_1-container\" class=\"wpforms-field wpforms-field-email\" data-field-id=\"1\"><label class=\"wpforms-field-label\" for=\"wpforms-1910-field_1\">E-mail <span class=\"wpforms-required-label\" aria-hidden=\"true\">*<\/span><\/label><input type=\"email\" id=\"wpforms-1910-field_1\" class=\"wpforms-field-medium wpforms-field-required\" name=\"wpforms[fields][1]\" spellcheck=\"false\" aria-errormessage=\"wpforms-1910-field_1-error\" required><\/div><div id=\"wpforms-1910-field_2-container\" class=\"wpforms-field wpforms-field-textarea\" data-field-id=\"2\"><label class=\"wpforms-field-label\" for=\"wpforms-1910-field_2\">Commentaire ou message<\/label><textarea id=\"wpforms-1910-field_2\" class=\"wpforms-field-medium\" name=\"wpforms[fields][2]\" aria-errormessage=\"wpforms-1910-field_2-error\" ><\/textarea><\/div><\/div><!-- .wpforms-field-container --><div class=\"wpforms-recaptcha-container wpforms-is-recaptcha wpforms-is-recaptcha-type-v2\" ><div class=\"g-recaptcha\" data-sitekey=\"6LeVnxMqAAAAAIonvqWSA0b4lF6NFnPJAUVELxfZ\"><\/div><input type=\"text\" name=\"g-recaptcha-hidden\" class=\"wpforms-recaptcha-hidden\" style=\"position:absolute!important;clip:rect(0,0,0,0)!important;height:1px!important;width:1px!important;border:0!important;overflow:hidden!important;padding:0!important;margin:0!important;\" data-rule-recaptcha=\"1\"><\/div><div class=\"wpforms-submit-container\" ><input type=\"hidden\" name=\"wpforms[id]\" value=\"1910\"><input type=\"hidden\" name=\"page_title\" value=\"\"><input type=\"hidden\" name=\"page_url\" value=\"https:\/\/al-lepellerin.fr\/index.php\/wp-json\/wp\/v2\/pages\/1814\"><button type=\"submit\" name=\"wpforms[submit]\" id=\"wpforms-submit-1910\" class=\"wpforms-submit\" data-alt-text=\"Envoi...\" data-submit-text=\"Envoyer\" aria-live=\"assertive\" value=\"wpforms-submit\">Envoyer<\/button><img loading=\"lazy\" decoding=\"async\" src=\"https:\/\/al-lepellerin.fr\/wp-content\/plugins\/wpforms-lite\/assets\/images\/submit-spin.svg\" class=\"wpforms-submit-spinner\" style=\"display: none;\" width=\"26\" height=\"26\" alt=\"Chargement en cours\"><\/div><\/form><\/div>  <!-- .wpforms-container -->\n","protected":false},"excerpt":{"rendered":"<p>Anim\u00e9e par\u00a0Aymeric Jeay, professeur et ancien \u00e9tudiant aux Beaux-Arts de Nantes, la section Graines d&rsquo;Artistes de l&rsquo;Amicale La\u00efque du Pellerin propose 3 types d&rsquo;ateliers : 1 &#8211; Ateliers Arts Plastiques pour Adultes (lundi 10h-12h) L&rsquo;atelier propose la d\u00e9couverte ou l&rsquo;approfondissement de diff\u00e9rentes techniques et genres picturaux (dessin d&rsquo;observation au trait, mod\u00e8le vivant, nature morte, dessin d&rsquo;imagination, pastels, aquarelle, acrylique, huile&#8230;) pouvant aller jusqu&rsquo;au d\u00e9veloppement d&rsquo;une d\u00e9marche artistique plus personnelle.&nbsp; 2 &#8211; Ateliers Arts Plastiques pour enfants et adolescents (mercredi 14h15-15h45) L&rsquo;atelier est centr\u00e9 sur la fabrication d&rsquo;objets dessin\u00e9s en deux dimensions ou en volume \u00e0 emporter chez soi : illustrations,&#8230;<\/p>\n","protected":false},"author":1,"featured_media":0,"parent":0,"menu_order":0,"comment_status":"closed","ping_status":"closed","template":"","meta":{"_acf_changed":false,"footnotes":""},"class_list":["post-1814","page","type-page","status-publish","hentry"],"acf":[],"_links":{"self":[{"href":"https:\/\/al-lepellerin.fr\/index.php\/wp-json\/wp\/v2\/pages\/1814","targetHints":{"allow":["GET"]}}],"collection":[{"href":"https:\/\/al-lepellerin.fr\/index.php\/wp-json\/wp\/v2\/pages"}],"about":[{"href":"https:\/\/al-lepellerin.fr\/index.php\/wp-json\/wp\/v2\/types\/page"}],"author":[{"embeddable":true,"href":"https:\/\/al-lepellerin.fr\/index.php\/wp-json\/wp\/v2\/users\/1"}],"replies":[{"embeddable":true,"href":"https:\/\/al-lepellerin.fr\/index.php\/wp-json\/wp\/v2\/comments?post=1814"}],"version-history":[{"count":7,"href":"https:\/\/al-lepellerin.fr\/index.php\/wp-json\/wp\/v2\/pages\/1814\/revisions"}],"predecessor-version":[{"id":2142,"href":"https:\/\/al-lepellerin.fr\/index.php\/wp-json\/wp\/v2\/pages\/1814\/revisions\/2142"}],"wp:attachment":[{"href":"https:\/\/al-lepellerin.fr\/index.php\/wp-json\/wp\/v2\/media?parent=1814"}],"curies":[{"name":"wp","href":"https:\/\/api.w.org\/{rel}","templated":true}]}}