{"id":1544,"date":"2024-06-10T13:46:05","date_gmt":"2024-06-10T11:46:05","guid":{"rendered":"http:\/\/lsrbpmw.cluster023.hosting.ovh.net\/?page_id=1544"},"modified":"2025-08-18T10:17:14","modified_gmt":"2025-08-18T08:17:14","slug":"couture","status":"publish","type":"page","link":"https:\/\/al-lepellerin.fr\/index.php\/couture\/","title":{"rendered":"Couture"},"content":{"rendered":"\n<h1 class=\"wp-block-heading has-text-align-center has-medium-font-size\"><strong>Apprenez \u00e0 coudre, ou perfectionnez-vous, avec<\/strong> avec D\u00e9 Zig et D\u00e9 Zag.<\/h1>\n\n\n\n<p class=\"has-text-align-center\"><img loading=\"lazy\" decoding=\"async\" src=\"https:\/\/lh7-rt.googleusercontent.com\/docsz\/AD_4nXf9WfPYpPjoyVTZwJYVM6iO6rMG3iNQYcO5U-f31uLJXbltoTeDn0hePaC1VC7sQImfx-Wm5qcMpH4HCiAIS0k2p_Wx0zN4lmf36gfrRpPbgcGIeyWMtCVRKldBJnxmhea_uMYATfmFX3RHv7tOKUpEJxbmv__AUxwJVeCOnq9AzMwvZcUwydw?key=avLGVh7KykNsmN_AW6RUyg\" width=\"426\" height=\"146\"><\/p>\n\n\n\n<h1 class=\"wp-block-heading has-text-align-center has-medium-font-size\">Cours tous niveaux, dispens\u00e9s par un professeur dipl\u00f4m\u00e9, Ana\u00efs MAILLET, dans une ambiance conviviale et chaleureuse<\/h1>\n\n\n\n<p>Il est fortement conseill\u00e9 d\u2019avoir son mat\u00e9riel de petite couture. Une machine \u00e0 coudre pourra \u00eatre mise \u00e0 disposition.<br><br>Les ateliers ont lieu \u00e0 une fr\u00e9quence d\u2019environ tous les 15 jours, le vendredi apr\u00e8s midi<br><br>Il existe 3 groupes d\u2019activit\u00e9\u00a0:<br><br>1<sup>er<\/sup>&nbsp;groupe&nbsp;: de 15h00 \u00e0 17h00<\/p>\n\n\n\n<p>2<sup>nd<\/sup>&nbsp;groupe&nbsp;: de 17h00 \u00e0 19h00<\/p>\n\n\n\n<p>3<sup>\u00e8me<\/sup>&nbsp;groupe&nbsp;: de 19h00 \u00e0 21h00<\/p>\n\n\n\n<p>Possibilit\u00e9 d\u2019un cours d\u2019essai<\/p>\n\n\n\n<p><strong>Lieu&nbsp;:<\/strong><br>Salle Aurore au rez de chauss\u00e9e du p\u00f4le associatif et culturel de la m\u00e9diath\u00e8que Adine Riom \u2013 All. George Sand, 44640 Le Pellerin<\/p>\n\n\n\n<figure class=\"wp-block-image size-large is-resized\"><img loading=\"lazy\" decoding=\"async\" width=\"1024\" height=\"768\" src=\"https:\/\/al-lepellerin.fr\/wp-content\/uploads\/2025\/07\/IMG_20240301_122240-1024x768.jpg\" alt=\"\" class=\"wp-image-2096\" style=\"width:683px;height:auto\" srcset=\"https:\/\/al-lepellerin.fr\/wp-content\/uploads\/2025\/07\/IMG_20240301_122240-1024x768.jpg 1024w, https:\/\/al-lepellerin.fr\/wp-content\/uploads\/2025\/07\/IMG_20240301_122240-300x225.jpg 300w, https:\/\/al-lepellerin.fr\/wp-content\/uploads\/2025\/07\/IMG_20240301_122240-768x576.jpg 768w, https:\/\/al-lepellerin.fr\/wp-content\/uploads\/2025\/07\/IMG_20240301_122240-1536x1152.jpg 1536w, https:\/\/al-lepellerin.fr\/wp-content\/uploads\/2025\/07\/IMG_20240301_122240-2048x1536.jpg 2048w, https:\/\/al-lepellerin.fr\/wp-content\/uploads\/2025\/07\/IMG_20240301_122240-60x46.jpg 60w\" sizes=\"auto, (max-width: 1024px) 100vw, 1024px\" \/><\/figure>\n\n\n\n<p><strong>Calendrier des cours 2024-2025&nbsp;:<\/strong><\/p>\n\n\n\n<figure class=\"wp-block-image size-full\"><img loading=\"lazy\" decoding=\"async\" width=\"682\" height=\"237\" src=\"https:\/\/al-lepellerin.fr\/wp-content\/uploads\/2025\/07\/Calendrier-2025_2026.jpg\" alt=\"\" class=\"wp-image-2092\" srcset=\"https:\/\/al-lepellerin.fr\/wp-content\/uploads\/2025\/07\/Calendrier-2025_2026.jpg 682w, https:\/\/al-lepellerin.fr\/wp-content\/uploads\/2025\/07\/Calendrier-2025_2026-300x104.jpg 300w\" sizes=\"auto, (max-width: 682px) 100vw, 682px\" \/><\/figure>\n\n\n\n<p><strong>Cours (16 cours de 2h)<\/strong><br><br>Montant pour l\u2019ann\u00e9e&nbsp;: <strong>112 \u20ac<\/strong><br>Adh\u00e9sion amicale La\u00efque&nbsp;: <strong>28 \u20ac<\/strong><br>Soit <strong>140 \u20ac<\/strong><br><br>Payable en plusieurs fois (1 ou plusieurs ch\u00e8ques ou ch\u00e8ques vacances <strong>uniquement<\/strong> sur le <strong>montant de la prestation<\/strong> et <strong>non sur l\u2019adh\u00e9sion \u00e0 L\u2019Amicale<\/strong>.)<br><br>Les ch\u00e8ques peuvent \u00eatre encaiss\u00e9s en 3 fois le (<strong>5 octobre<\/strong> \/ le <strong>5 d\u00e9cembre<\/strong> \/ <strong>5 f\u00e9vrier<\/strong>).&nbsp;<br>Possibilit\u00e9 de suivre 2 cours d\u2019affil\u00e9 (soit un montant de 224 \u20ac + 28 \u20ac d\u2019adh\u00e9sion).<br>Toute ann\u00e9e commenc\u00e9e est due et ne fera l\u2019objet d\u2019aucun remboursement.<\/p>\n\n\n\n<p><strong>Calendrier des stages 2024-2025&nbsp;:<\/strong><br>En cours d\u2019ann\u00e9e, le professeur propose 3 ateliers de 6 heures chacun en suppl\u00e9ment des cours dispens\u00e9s selon le calendrier suivant&nbsp;:<\/p>\n\n\n\n<figure class=\"wp-block-image size-full\"><img loading=\"lazy\" decoding=\"async\" width=\"398\" height=\"115\" src=\"https:\/\/al-lepellerin.fr\/wp-content\/uploads\/2025\/07\/Stage-2025_2026.jpg\" alt=\"\" class=\"wp-image-2093\" srcset=\"https:\/\/al-lepellerin.fr\/wp-content\/uploads\/2025\/07\/Stage-2025_2026.jpg 398w, https:\/\/al-lepellerin.fr\/wp-content\/uploads\/2025\/07\/Stage-2025_2026-300x87.jpg 300w\" sizes=\"auto, (max-width: 398px) 100vw, 398px\" \/><\/figure>\n\n\n\n<p><strong>Stage (6h \u00e0 la journ\u00e9e)<\/strong><br><br>Montant adh\u00e9rent&nbsp;: <strong>30 \u20ac<\/strong><br>Montant non adh\u00e9rent&nbsp;: <strong>46 \u20ac<\/strong><\/p>\n\n\n\n<p><strong>Responsable de section :<\/strong><br>Brigitte LE MOUILLOUR<br><br><strong>Professeur : <\/strong><br>Ana\u00efs MAILLET<\/p>\n\n\n\n<figure class=\"wp-block-image size-full is-resized\"><img loading=\"lazy\" decoding=\"async\" width=\"960\" height=\"960\" src=\"https:\/\/al-lepellerin.fr\/wp-content\/uploads\/2025\/07\/Anais-Maillet.jpg\" alt=\"\" class=\"wp-image-2095\" style=\"width:243px;height:auto\" srcset=\"https:\/\/al-lepellerin.fr\/wp-content\/uploads\/2025\/07\/Anais-Maillet.jpg 960w, https:\/\/al-lepellerin.fr\/wp-content\/uploads\/2025\/07\/Anais-Maillet-300x300.jpg 300w, https:\/\/al-lepellerin.fr\/wp-content\/uploads\/2025\/07\/Anais-Maillet-150x150.jpg 150w, https:\/\/al-lepellerin.fr\/wp-content\/uploads\/2025\/07\/Anais-Maillet-768x768.jpg 768w, https:\/\/al-lepellerin.fr\/wp-content\/uploads\/2025\/07\/Anais-Maillet-80x80.jpg 80w\" sizes=\"auto, (max-width: 960px) 100vw, 960px\" \/><\/figure>\n\n\n\n<p><a href=\"mailto:couture@al-lepellerin.fr\"><strong>couture@al-lepellerin.fr<\/strong><\/a><strong> <\/strong><br><strong>06 52 35 18 80<\/strong><br>Whatsapp : <strong>Groupe priv\u00e9 D\u00e9 Zig &amp; D\u00e9 Zag<\/strong><br>Facebook : <a href=\"https:\/\/www.facebook.com\/groups\/912922612920865\">https:\/\/www.facebook.com\/groups\/912922612920865<\/a><\/p>\n\n\n<div class=\"wpforms-container wpforms-container-full wpforms-render-modern\" id=\"wpforms-1858\"><form id=\"wpforms-form-1858\" class=\"wpforms-validate wpforms-form wpforms-ajax-form\" data-formid=\"1858\" method=\"post\" enctype=\"multipart\/form-data\" action=\"\/index.php\/wp-json\/wp\/v2\/pages\/1544\" data-token=\"a5240f1d4fcc0fb3f98b4525b50092e6\" data-token-time=\"1777730287\"><noscript class=\"wpforms-error-noscript\">Veuillez activer JavaScript dans votre navigateur pour remplir ce formulaire.<\/noscript><div class=\"wpforms-hidden\" id=\"wpforms-error-noscript\">Veuillez activer JavaScript dans votre navigateur pour remplir ce formulaire.<\/div><div class=\"wpforms-field-container\"><div id=\"wpforms-1858-field_0-container\" class=\"wpforms-field wpforms-field-name\" data-field-id=\"0\"><fieldset><legend class=\"wpforms-field-label\">Nom <span class=\"wpforms-required-label\" aria-hidden=\"true\">*<\/span><\/legend><div class=\"wpforms-field-row wpforms-field-medium\"><div class=\"wpforms-field-row-block wpforms-first wpforms-one-half\"><input type=\"text\" id=\"wpforms-1858-field_0\" class=\"wpforms-field-name-first wpforms-field-required\" name=\"wpforms[fields][0][first]\" aria-errormessage=\"wpforms-1858-field_0-error\" required><label for=\"wpforms-1858-field_0\" class=\"wpforms-field-sublabel after \">Pr\u00e9nom<\/label><\/div><div class=\"wpforms-field-row-block wpforms-one-half\"><input type=\"text\" id=\"wpforms-1858-field_0-last\" class=\"wpforms-field-name-last wpforms-field-required\" name=\"wpforms[fields][0][last]\" aria-errormessage=\"wpforms-1858-field_0-last-error\" required><label for=\"wpforms-1858-field_0-last\" class=\"wpforms-field-sublabel after \">Nom<\/label><\/div><\/div><\/fieldset><\/div><div id=\"wpforms-1858-field_1-container\" class=\"wpforms-field wpforms-field-email\" data-field-id=\"1\"><label class=\"wpforms-field-label\" for=\"wpforms-1858-field_1\">E-mail <span class=\"wpforms-required-label\" aria-hidden=\"true\">*<\/span><\/label><input type=\"email\" id=\"wpforms-1858-field_1\" class=\"wpforms-field-medium wpforms-field-required\" name=\"wpforms[fields][1]\" spellcheck=\"false\" aria-errormessage=\"wpforms-1858-field_1-error\" required><\/div><div id=\"wpforms-1858-field_2-container\" class=\"wpforms-field wpforms-field-textarea\" data-field-id=\"2\"><label class=\"wpforms-field-label\" for=\"wpforms-1858-field_2\">Commentaire ou message<\/label><textarea id=\"wpforms-1858-field_2\" class=\"wpforms-field-medium\" name=\"wpforms[fields][2]\" aria-errormessage=\"wpforms-1858-field_2-error\" ><\/textarea><\/div><\/div><!-- .wpforms-field-container --><div class=\"wpforms-recaptcha-container wpforms-is-recaptcha wpforms-is-recaptcha-type-v2\" ><div class=\"g-recaptcha\" data-sitekey=\"6LeVnxMqAAAAAIonvqWSA0b4lF6NFnPJAUVELxfZ\"><\/div><input type=\"text\" name=\"g-recaptcha-hidden\" class=\"wpforms-recaptcha-hidden\" style=\"position:absolute!important;clip:rect(0,0,0,0)!important;height:1px!important;width:1px!important;border:0!important;overflow:hidden!important;padding:0!important;margin:0!important;\" data-rule-recaptcha=\"1\"><\/div><div class=\"wpforms-submit-container\" ><input type=\"hidden\" name=\"wpforms[id]\" value=\"1858\"><input type=\"hidden\" name=\"page_title\" value=\"\"><input type=\"hidden\" name=\"page_url\" value=\"https:\/\/al-lepellerin.fr\/index.php\/wp-json\/wp\/v2\/pages\/1544\"><button type=\"submit\" name=\"wpforms[submit]\" id=\"wpforms-submit-1858\" class=\"wpforms-submit\" data-alt-text=\"Envoi...\" data-submit-text=\"Envoyer\" aria-live=\"assertive\" value=\"wpforms-submit\">Envoyer<\/button><img loading=\"lazy\" decoding=\"async\" src=\"https:\/\/al-lepellerin.fr\/wp-content\/plugins\/wpforms-lite\/assets\/images\/submit-spin.svg\" class=\"wpforms-submit-spinner\" style=\"display: none;\" width=\"26\" height=\"26\" alt=\"Chargement en cours\"><\/div><\/form><\/div>  <!-- .wpforms-container -->\n","protected":false},"excerpt":{"rendered":"<p>Apprenez \u00e0 coudre, ou perfectionnez-vous, avec avec D\u00e9 Zig et D\u00e9 Zag. Cours tous niveaux, dispens\u00e9s par un professeur dipl\u00f4m\u00e9, Ana\u00efs MAILLET, dans une ambiance conviviale et chaleureuse Il est fortement conseill\u00e9 d\u2019avoir son mat\u00e9riel de petite couture. Une machine \u00e0 coudre pourra \u00eatre mise \u00e0 disposition. Les ateliers ont lieu \u00e0 une fr\u00e9quence d\u2019environ tous les 15 jours, le vendredi apr\u00e8s midi Il existe 3 groupes d\u2019activit\u00e9\u00a0: 1er&nbsp;groupe&nbsp;: de 15h00 \u00e0 17h00 2nd&nbsp;groupe&nbsp;: de 17h00 \u00e0 19h00 3\u00e8me&nbsp;groupe&nbsp;: de 19h00 \u00e0 21h00 Possibilit\u00e9 d\u2019un cours d\u2019essai Lieu&nbsp;:Salle Aurore au rez de chauss\u00e9e du p\u00f4le associatif et culturel de la&#8230;<\/p>\n","protected":false},"author":1,"featured_media":0,"parent":0,"menu_order":0,"comment_status":"closed","ping_status":"closed","template":"","meta":{"_acf_changed":false,"footnotes":""},"class_list":["post-1544","page","type-page","status-publish","hentry"],"acf":[],"_links":{"self":[{"href":"https:\/\/al-lepellerin.fr\/index.php\/wp-json\/wp\/v2\/pages\/1544","targetHints":{"allow":["GET"]}}],"collection":[{"href":"https:\/\/al-lepellerin.fr\/index.php\/wp-json\/wp\/v2\/pages"}],"about":[{"href":"https:\/\/al-lepellerin.fr\/index.php\/wp-json\/wp\/v2\/types\/page"}],"author":[{"embeddable":true,"href":"https:\/\/al-lepellerin.fr\/index.php\/wp-json\/wp\/v2\/users\/1"}],"replies":[{"embeddable":true,"href":"https:\/\/al-lepellerin.fr\/index.php\/wp-json\/wp\/v2\/comments?post=1544"}],"version-history":[{"count":13,"href":"https:\/\/al-lepellerin.fr\/index.php\/wp-json\/wp\/v2\/pages\/1544\/revisions"}],"predecessor-version":[{"id":2100,"href":"https:\/\/al-lepellerin.fr\/index.php\/wp-json\/wp\/v2\/pages\/1544\/revisions\/2100"}],"wp:attachment":[{"href":"https:\/\/al-lepellerin.fr\/index.php\/wp-json\/wp\/v2\/media?parent=1544"}],"curies":[{"name":"wp","href":"https:\/\/api.w.org\/{rel}","templated":true}]}}