{"id":1542,"date":"2024-06-10T13:45:50","date_gmt":"2024-06-10T11:45:50","guid":{"rendered":"http:\/\/lsrbpmw.cluster023.hosting.ovh.net\/?page_id=1542"},"modified":"2025-08-19T18:42:22","modified_gmt":"2025-08-19T16:42:22","slug":"theatre","status":"publish","type":"page","link":"https:\/\/al-lepellerin.fr\/index.php\/theatre\/","title":{"rendered":"Th\u00e9\u00e2tre"},"content":{"rendered":"\n<p>Nous vous proposons trois intervenants professionnels pour 4 groupes :\u00a0<\/p>\n\n\n\n<p>&#8211;&nbsp;<strong><strong>C\u00e9line CHOLET pour les 11\/15 ans et les adultes<\/strong><\/strong><br>&#8211;&nbsp;<strong>M\u00e9lanie PANIZZA pour les 8\/10 ans et les 10\/13 ans<\/strong><br>&#8211;&nbsp;<strong>Simon MORANT pour les adultes<\/strong><\/p>\n\n\n<div class=\"wp-block-image\">\n<figure class=\"aligncenter size-large is-resized\"><img loading=\"lazy\" decoding=\"async\" width=\"843\" height=\"1024\" src=\"https:\/\/al-lepellerin.fr\/wp-content\/uploads\/2025\/08\/Celine-Cholet-1-843x1024.jpg\" alt=\"\" class=\"wp-image-2103\" style=\"width:469px;height:auto\" srcset=\"https:\/\/al-lepellerin.fr\/wp-content\/uploads\/2025\/08\/Celine-Cholet-1-843x1024.jpg 843w, https:\/\/al-lepellerin.fr\/wp-content\/uploads\/2025\/08\/Celine-Cholet-1-247x300.jpg 247w, https:\/\/al-lepellerin.fr\/wp-content\/uploads\/2025\/08\/Celine-Cholet-1-768x933.jpg 768w, https:\/\/al-lepellerin.fr\/wp-content\/uploads\/2025\/08\/Celine-Cholet-1-1264x1536.jpg 1264w, https:\/\/al-lepellerin.fr\/wp-content\/uploads\/2025\/08\/Celine-Cholet-1-1685x2048.jpg 1685w\" sizes=\"auto, (max-width: 843px) 100vw, 843px\" \/><\/figure>\n<\/div>\n\n\n<p class=\"has-text-align-center\">Form\u00e9e au Conservatoire National de R\u00e9gion d&rsquo;Art Dramatique, com\u00e9dienne pendant de nombreuses ann\u00e9es,&nbsp;C\u00e9line&nbsp;Cholet aime par dessus tout la direction d&rsquo;acteur\/trice, transmettre les techniques et le plaisir d&rsquo;incarner un personnage.<\/p>\n\n\n\n<p class=\"has-text-align-center\">Elle a mis en sc\u00e8ne plusieurs spectacles et dirig\u00e9 des ateliers, enfants, adolescents et adultes en France et \u00e0 l&rsquo;\u00e9tranger pour des com\u00e9diens amateurs et professionnels.<\/p>\n\n\n\n<p class=\"has-text-align-center\">Son objectif est de transmettre une technique professionnelle ( corps, voix, interpr\u00e9tation ) tout en s&rsquo;amusant. Acqu\u00e9rir des bases solides que l&rsquo;on veuille devenir com\u00e9dien professionnel ou continuer \u00e0 jouer en amateur.<\/p>\n\n\n\n<p class=\"has-text-align-center\">Alors, \u00e7a vous tente de d\u00e9couvrir le plaisir du jeu d&rsquo;acteur\/trice?&nbsp;<\/p>\n\n\n\n<p><\/p>\n\n\n<div class=\"wp-block-image\">\n<figure class=\"aligncenter size-full\"><img loading=\"lazy\" decoding=\"async\" width=\"640\" height=\"360\" src=\"https:\/\/al-lepellerin.fr\/wp-content\/uploads\/2024\/09\/Simn-Morant.webp\" alt=\"\" class=\"wp-image-1994\" srcset=\"https:\/\/al-lepellerin.fr\/wp-content\/uploads\/2024\/09\/Simn-Morant.webp 640w, https:\/\/al-lepellerin.fr\/wp-content\/uploads\/2024\/09\/Simn-Morant-300x169.webp 300w\" sizes=\"auto, (max-width: 640px) 100vw, 640px\" \/><\/figure>\n<\/div>\n\n\n<p class=\"has-text-align-center\">Simon Morant est intervenant th\u00e9\u00e2tre depuis plusieurs ann\u00e9es au sein de diff\u00e9rents \u00e9tablissements scolaires (coll\u00e8ges, lyc\u00e9es option th\u00e9\u00e2tre) et aupr\u00e8s de public de tous les \u00e2ges. Il est com\u00e9dien-chanteur-musicien dans plusieurs compagnies de th\u00e9\u00e2tre (salle-cirque-rue). Form\u00e9 \u00e0 Rennes, Caen et Limoges comme com\u00e9dien, il aime partager avec p\u00e9dagogie le plaisir de faire du th\u00e9\u00e2tre.<\/p>\n\n\n\n<p><\/p>\n\n\n<div class=\"wp-block-image\">\n<figure class=\"aligncenter size-large is-resized\"><img loading=\"lazy\" decoding=\"async\" width=\"1024\" height=\"683\" src=\"https:\/\/al-lepellerin.fr\/wp-content\/uploads\/2024\/09\/1000016972-1024x683.jpg\" alt=\"\" class=\"wp-image-1996\" style=\"width:600px\" srcset=\"https:\/\/al-lepellerin.fr\/wp-content\/uploads\/2024\/09\/1000016972-1024x683.jpg 1024w, https:\/\/al-lepellerin.fr\/wp-content\/uploads\/2024\/09\/1000016972-300x200.jpg 300w, https:\/\/al-lepellerin.fr\/wp-content\/uploads\/2024\/09\/1000016972-768x512.jpg 768w, https:\/\/al-lepellerin.fr\/wp-content\/uploads\/2024\/09\/1000016972-1536x1024.jpg 1536w, https:\/\/al-lepellerin.fr\/wp-content\/uploads\/2024\/09\/1000016972-2048x1365.jpg 2048w\" sizes=\"auto, (max-width: 1024px) 100vw, 1024px\" \/><\/figure>\n<\/div>\n\n\n<p class=\"has-text-align-center\">M\u00e9lanie Panizza Auteure, metteure en sc\u00e8ne et com\u00e9dienne professionnelle&nbsp;intervient aupr\u00e8s&nbsp;de multiples structures (associations, troupes professionnelles&nbsp;et amateures) depuis&nbsp;plus de 25 ans.&nbsp;<br><br>Elle a l&rsquo;habitude d&rsquo;intervenir&nbsp;aupr\u00e8s d&rsquo;un public large de 5 \u00e0 90 ans.&nbsp; Elle a \u00e9t\u00e9 form\u00e9e \u00e0 Saint-Nazaire&nbsp;puis au grand T de Nantes comme metteure en sc\u00e8ne et com\u00e9dienne.&nbsp; <br>Elle est l&rsquo;auteure de plus d&rsquo;une trentaine de pi\u00e8ce de th\u00e9\u00e2tre pour petits et grands. Passionn\u00e9e par son travail&nbsp;elle&nbsp;prend plaisir \u00e0 partager ses connaissances.<\/p>\n\n\n\n<p><\/p>\n\n\n\n<p>Les groupes de\u00a012 \u00e9l\u00e8ves\u00a0sont r\u00e9partis de la fa\u00e7on suivante ( hors vacances scolaires)<br><br>\u2013 Lundi de 20h \u00e0 22h pour les adultes pour le parcours \u00ab\u00a0Cr\u00e9ation\u00a0\u00bb avec Simon dans la salle Vi\u00e8vre de l\u2019Espace Ren\u00e9 Cassin<br>&#8211; Jeudi de 20h \u00e0 21h30 pour les adultes pour le parcours \u00ab\u00a0Explorer la fiction, le jeu sous toutes ses formes\u00a0\u00bb<br>\u2013 Mardi de 17h \u00e0 18h30 pour les 8\/10 ans avec M\u00e9lanie dans la salle Aurore de l\u2019Espace Adine Riom\u00a0<br>\u2013 Mardi de 18h45 \u00e0 20h15 pour les 11\/13 ans avec M\u00e9lanie dans la salle Aurore de l\u2019Espace Adine Riom\u00a0<br>\u2013 Mardi de 18h30 \u00e0 20h pour les 11\/15 ans avec C\u00e9line dans la salle de la Martini\u00e8re de l\u2019Espace Ren\u00e9 Cassin<\/p>\n\n\n\n<p><strong>Le premier atelier est \u00e0 l\u2019essai et se d\u00e9roule&nbsp;le lundi 1\/12\/2025 pour les adultes et le mardi 09\/09 pour les autres groupes&nbsp;<\/strong>Vous&nbsp;pourrez rencontrer les intervenants au forum des associations qui se d\u00e9roule <strong>le samedi 6 septembre de 14h \u00e0 17h30 \u00e0 l\u2019Espace Ren\u00e9 Cassin.<\/strong><\/p>\n\n\n\n<p>Pour votre information, la cotisation sera pour la prochaine saison de :<br>&#8211; 186\u20ac&nbsp;+ 14\u20ac d&rsquo;adh\u00e9sion \u00e0 l&rsquo;ALP obligatoire ( assurance)&nbsp;pour les enfants du Pellerin&nbsp;<\/p>\n\n\n\n<p>Adultes :<\/p>\n\n\n\n<p>Cette ann\u00e9e la section th\u00e9\u00e2tre propose 2 formules : un parcours cr\u00e9ation et un parcours \u00ab\u00a0Exploration de la fiction\u00a0\u00bb<\/p>\n\n\n\n<p>Parcours \u00ab\u00a0Cr\u00e9ation\u00a0\u00bb<\/p>\n\n\n\n<p>Participez \u00e0 un&nbsp;<strong>spectacle de th\u00e9\u00e2tre<\/strong>. Exercices, essais de sc\u00e8nes et de personnages\u2026. Abordez les aspects de la cr\u00e9ation d\u2019un spectacle et prenez du plaisir \u00e0 jouer, interpr\u00e9ter, jouer une histoire propos\u00e9e&nbsp;<strong>devant un public<\/strong>.<br><strong>Metteur en sc\u00e8ne&nbsp;: Simon Morant<\/strong><\/p>\n\n\n\n<p><strong>Du 1er d\u00e9cembre 2025 12 octobre 2026 (pause du 29\/06 au 07\/09) R\u00e9p\u00e9tition les lundis \u00e0 20h30.<\/strong><\/p>\n\n\n\n<p>\u2013 320\u20ac&nbsp;+ 28\u20ac d\u2019adh\u00e9sion \u00e0 l\u2019ALP obligatoire ( assurance)&nbsp;pour les adultes du Pellerin&nbsp;<\/p>\n\n\n\n<p>Parcours \u00ab\u00a0Exploration de la fiction\u00a0\u00bb<\/p>\n\n\n\n<p>Cette nouvelle formule propose \u00e0 des interpr\u00e8tes amateurs d\u2019aborder diff\u00e9rentes techniques du jeu et de l\u2019expression th\u00e9\u00e2trale pour le plaisir de la d\u00e9couverte.<br>Quatre cycles de six s\u00e9ances&nbsp;:&nbsp;<strong>le travail d\u2019interpr\u00e9tation d\u2019un personnage de th\u00e9\u00e2tre<\/strong>,&nbsp;<strong>le travail du jeu face \u00e0 la cam\u00e9ra, le jeu du th\u00e9\u00e2tre d\u2019objet et de marionnettes et l\u2019improvisation.<br>Artistes intervenants&nbsp;:<\/strong>&nbsp;C\u00e9line Cholet, Olivier Dague, David Lippe, Delphine Sterne. Coordination&nbsp;: Simon Morant.<br><strong>Du 11 septembre 2025 au 7 mai 2026. S\u00e9ances de 1H30 les jeudis \u00e0 20h00<\/strong>.&nbsp;<\/p>\n\n\n\n<p>\u2013 270\u20ac&nbsp;+ 28\u20ac d\u2019adh\u00e9sion \u00e0 l\u2019ALP obligatoire ( assurance)&nbsp;pour les adultes du Pellerin<\/p>\n\n\n\n<p><strong>Les enfants et adultes hors commune seront major\u00e9s de +10\u20ac<\/strong><\/p>\n\n\n\n<p>Contact : Sophie (adultes) ou Naomi (enfants\/ado)&nbsp;<a href=\"mailto:theatre@al-lepellerin.fr\" target=\"_blank\" rel=\"noreferrer noopener\">theatre@al-lepellerin.fr<\/a><\/p>\n\n\n<div class=\"wpforms-container wpforms-container-full wpforms-render-modern\" id=\"wpforms-1899\"><form id=\"wpforms-form-1899\" class=\"wpforms-validate wpforms-form wpforms-ajax-form\" data-formid=\"1899\" method=\"post\" enctype=\"multipart\/form-data\" action=\"\/index.php\/wp-json\/wp\/v2\/pages\/1542\" data-token=\"158745e77e3d1634a95a14ce931fbdf7\" data-token-time=\"1778838478\"><noscript class=\"wpforms-error-noscript\">Veuillez activer JavaScript dans votre navigateur pour remplir ce formulaire.<\/noscript><div class=\"wpforms-hidden\" id=\"wpforms-error-noscript\">Veuillez activer JavaScript dans votre navigateur pour remplir ce formulaire.<\/div><div class=\"wpforms-field-container\"><div id=\"wpforms-1899-field_0-container\" class=\"wpforms-field wpforms-field-name\" data-field-id=\"0\"><fieldset><legend class=\"wpforms-field-label\">Nom <span class=\"wpforms-required-label\" aria-hidden=\"true\">*<\/span><\/legend><div class=\"wpforms-field-row wpforms-field-medium\"><div class=\"wpforms-field-row-block wpforms-first wpforms-one-half\"><input type=\"text\" id=\"wpforms-1899-field_0\" class=\"wpforms-field-name-first wpforms-field-required\" name=\"wpforms[fields][0][first]\" aria-errormessage=\"wpforms-1899-field_0-error\" required><label for=\"wpforms-1899-field_0\" class=\"wpforms-field-sublabel after \">Pr\u00e9nom<\/label><\/div><div class=\"wpforms-field-row-block wpforms-one-half\"><input type=\"text\" id=\"wpforms-1899-field_0-last\" class=\"wpforms-field-name-last wpforms-field-required\" name=\"wpforms[fields][0][last]\" aria-errormessage=\"wpforms-1899-field_0-last-error\" required><label for=\"wpforms-1899-field_0-last\" class=\"wpforms-field-sublabel after \">Nom<\/label><\/div><\/div><\/fieldset><\/div><div id=\"wpforms-1899-field_1-container\" class=\"wpforms-field wpforms-field-email\" data-field-id=\"1\"><label class=\"wpforms-field-label\" for=\"wpforms-1899-field_1\">E-mail <span class=\"wpforms-required-label\" aria-hidden=\"true\">*<\/span><\/label><input type=\"email\" id=\"wpforms-1899-field_1\" class=\"wpforms-field-medium wpforms-field-required\" name=\"wpforms[fields][1]\" spellcheck=\"false\" aria-errormessage=\"wpforms-1899-field_1-error\" required><\/div><div id=\"wpforms-1899-field_2-container\" class=\"wpforms-field wpforms-field-textarea\" data-field-id=\"2\"><label class=\"wpforms-field-label\" for=\"wpforms-1899-field_2\">Commentaire ou message<\/label><textarea id=\"wpforms-1899-field_2\" class=\"wpforms-field-medium\" name=\"wpforms[fields][2]\" aria-errormessage=\"wpforms-1899-field_2-error\" ><\/textarea><\/div><\/div><!-- .wpforms-field-container --><div class=\"wpforms-recaptcha-container wpforms-is-recaptcha wpforms-is-recaptcha-type-v2\" ><div class=\"g-recaptcha\" data-sitekey=\"6LeVnxMqAAAAAIonvqWSA0b4lF6NFnPJAUVELxfZ\"><\/div><input type=\"text\" name=\"g-recaptcha-hidden\" class=\"wpforms-recaptcha-hidden\" style=\"position:absolute!important;clip:rect(0,0,0,0)!important;height:1px!important;width:1px!important;border:0!important;overflow:hidden!important;padding:0!important;margin:0!important;\" data-rule-recaptcha=\"1\"><\/div><div class=\"wpforms-submit-container\" ><input type=\"hidden\" name=\"wpforms[id]\" value=\"1899\"><input type=\"hidden\" name=\"page_title\" value=\"\"><input type=\"hidden\" name=\"page_url\" value=\"https:\/\/al-lepellerin.fr\/index.php\/wp-json\/wp\/v2\/pages\/1542\"><button type=\"submit\" name=\"wpforms[submit]\" id=\"wpforms-submit-1899\" class=\"wpforms-submit\" data-alt-text=\"Envoi...\" data-submit-text=\"Envoyer\" aria-live=\"assertive\" value=\"wpforms-submit\">Envoyer<\/button><img loading=\"lazy\" decoding=\"async\" src=\"https:\/\/al-lepellerin.fr\/wp-content\/plugins\/wpforms-lite\/assets\/images\/submit-spin.svg\" class=\"wpforms-submit-spinner\" style=\"display: none;\" width=\"26\" height=\"26\" alt=\"Chargement en cours\"><\/div><\/form><\/div>  <!-- .wpforms-container -->\n","protected":false},"excerpt":{"rendered":"<p>Nous vous proposons trois intervenants professionnels pour 4 groupes :\u00a0 &#8211;&nbsp;C\u00e9line CHOLET pour les 11\/15 ans et les adultes&#8211;&nbsp;M\u00e9lanie PANIZZA pour les 8\/10 ans et les 10\/13 ans&#8211;&nbsp;Simon MORANT pour les adultes Form\u00e9e au Conservatoire National de R\u00e9gion d&rsquo;Art Dramatique, com\u00e9dienne pendant de nombreuses ann\u00e9es,&nbsp;C\u00e9line&nbsp;Cholet aime par dessus tout la direction d&rsquo;acteur\/trice, transmettre les techniques et le plaisir d&rsquo;incarner un personnage. Elle a mis en sc\u00e8ne plusieurs spectacles et dirig\u00e9 des ateliers, enfants, adolescents et adultes en France et \u00e0 l&rsquo;\u00e9tranger pour des com\u00e9diens amateurs et professionnels. Son objectif est de transmettre une technique professionnelle ( corps, voix, interpr\u00e9tation )&#8230;<\/p>\n","protected":false},"author":1,"featured_media":0,"parent":0,"menu_order":0,"comment_status":"closed","ping_status":"closed","template":"","meta":{"_acf_changed":false,"footnotes":""},"class_list":["post-1542","page","type-page","status-publish","hentry"],"acf":[],"_links":{"self":[{"href":"https:\/\/al-lepellerin.fr\/index.php\/wp-json\/wp\/v2\/pages\/1542","targetHints":{"allow":["GET"]}}],"collection":[{"href":"https:\/\/al-lepellerin.fr\/index.php\/wp-json\/wp\/v2\/pages"}],"about":[{"href":"https:\/\/al-lepellerin.fr\/index.php\/wp-json\/wp\/v2\/types\/page"}],"author":[{"embeddable":true,"href":"https:\/\/al-lepellerin.fr\/index.php\/wp-json\/wp\/v2\/users\/1"}],"replies":[{"embeddable":true,"href":"https:\/\/al-lepellerin.fr\/index.php\/wp-json\/wp\/v2\/comments?post=1542"}],"version-history":[{"count":7,"href":"https:\/\/al-lepellerin.fr\/index.php\/wp-json\/wp\/v2\/pages\/1542\/revisions"}],"predecessor-version":[{"id":2107,"href":"https:\/\/al-lepellerin.fr\/index.php\/wp-json\/wp\/v2\/pages\/1542\/revisions\/2107"}],"wp:attachment":[{"href":"https:\/\/al-lepellerin.fr\/index.php\/wp-json\/wp\/v2\/media?parent=1542"}],"curies":[{"name":"wp","href":"https:\/\/api.w.org\/{rel}","templated":true}]}}