{"id":1536,"date":"2024-06-10T13:45:15","date_gmt":"2024-06-10T11:45:15","guid":{"rendered":"http:\/\/lsrbpmw.cluster023.hosting.ovh.net\/?page_id=1536"},"modified":"2025-09-12T14:15:04","modified_gmt":"2025-09-12T12:15:04","slug":"modelisme","status":"publish","type":"page","link":"https:\/\/al-lepellerin.fr\/index.php\/modelisme\/","title":{"rendered":"Mod\u00e9lisme"},"content":{"rendered":"\n<p><\/p>\n\n\n\n<p class=\"has-text-align-center has-medium-font-size\">\u00ab\u00a0Les petits bolides Pellerinais\u00a0\u00bb c&rsquo;est le nom de notre section mod\u00e9lisme ouverte en 2023.<br><\/p>\n\n\n<div class=\"wp-block-image\">\n<figure class=\"aligncenter size-large is-resized\"><img loading=\"lazy\" decoding=\"async\" width=\"1024\" height=\"768\" src=\"http:\/\/al-lepellerin.fr\/wp-content\/uploads\/2024\/06\/2023-09-02-13-58-11-1024x768.jpeg\" alt=\"\" class=\"wp-image-1743\" style=\"width:500px\" srcset=\"https:\/\/al-lepellerin.fr\/wp-content\/uploads\/2024\/06\/2023-09-02-13-58-11-1024x768.jpeg 1024w, https:\/\/al-lepellerin.fr\/wp-content\/uploads\/2024\/06\/2023-09-02-13-58-11-300x225.jpeg 300w, https:\/\/al-lepellerin.fr\/wp-content\/uploads\/2024\/06\/2023-09-02-13-58-11-768x576.jpeg 768w, https:\/\/al-lepellerin.fr\/wp-content\/uploads\/2024\/06\/2023-09-02-13-58-11-1536x1152.jpeg 1536w, https:\/\/al-lepellerin.fr\/wp-content\/uploads\/2024\/06\/2023-09-02-13-58-11-2048x1536.jpeg 2048w, https:\/\/al-lepellerin.fr\/wp-content\/uploads\/2024\/06\/2023-09-02-13-58-11-60x46.jpeg 60w\" sizes=\"auto, (max-width: 1024px) 100vw, 1024px\" \/><\/figure>\n<\/div>\n\n\n<p>L&rsquo;objectif des petits bolides Pellerinais est de partager et de faire d\u00e9couvrir la pratique du mod\u00e9lisme automobile radiocommand\u00e9. Ici des passionn\u00e9s s&rsquo;entraident et se retrouvent autour des activit\u00e9s de pilotage, fabrication, r\u00e9paration et customisation de leurs mod\u00e8les r\u00e9duits.<br>Nous avons \u00e0 c\u0153ur de garder cette section ind\u00e9pendante de tout organisme (FFVRC \/ UFOLEP) pour conserver l&rsquo;esprit loisir \/ de partage qui anime nos sessions. Cependant nous sommes \u00e0 m\u00eame d&rsquo;accompagner ceux qui souhaitent commencer la comp\u00e9tition.<br><br><br><\/p>\n\n\n\n<h2 class=\"wp-block-heading\">Les rendez vous hebdomadaires<\/h2>\n\n\n\n<figure class=\"wp-block-gallery has-nested-images columns-default is-cropped wp-block-gallery-1 is-layout-flex wp-block-gallery-is-layout-flex\">\n<figure class=\"wp-block-image size-large\"><img loading=\"lazy\" decoding=\"async\" width=\"1024\" height=\"768\" data-id=\"1775\" src=\"http:\/\/al-lepellerin.fr\/wp-content\/uploads\/2024\/06\/2024-03-01-14-48-21-1024x768.jpeg\" alt=\"\" class=\"wp-image-1775\" srcset=\"https:\/\/al-lepellerin.fr\/wp-content\/uploads\/2024\/06\/2024-03-01-14-48-21-1024x768.jpeg 1024w, https:\/\/al-lepellerin.fr\/wp-content\/uploads\/2024\/06\/2024-03-01-14-48-21-300x225.jpeg 300w, https:\/\/al-lepellerin.fr\/wp-content\/uploads\/2024\/06\/2024-03-01-14-48-21-768x576.jpeg 768w, https:\/\/al-lepellerin.fr\/wp-content\/uploads\/2024\/06\/2024-03-01-14-48-21-1536x1152.jpeg 1536w, https:\/\/al-lepellerin.fr\/wp-content\/uploads\/2024\/06\/2024-03-01-14-48-21-2048x1536.jpeg 2048w, https:\/\/al-lepellerin.fr\/wp-content\/uploads\/2024\/06\/2024-03-01-14-48-21-60x46.jpeg 60w\" sizes=\"auto, (max-width: 1024px) 100vw, 1024px\" \/><\/figure>\n\n\n\n<figure class=\"wp-block-image size-large\"><img loading=\"lazy\" decoding=\"async\" width=\"1024\" height=\"768\" data-id=\"1774\" src=\"http:\/\/al-lepellerin.fr\/wp-content\/uploads\/2024\/06\/2024-03-23-18-27-14-1024x768.jpeg\" alt=\"\" class=\"wp-image-1774\" srcset=\"https:\/\/al-lepellerin.fr\/wp-content\/uploads\/2024\/06\/2024-03-23-18-27-14-1024x768.jpeg 1024w, https:\/\/al-lepellerin.fr\/wp-content\/uploads\/2024\/06\/2024-03-23-18-27-14-300x225.jpeg 300w, https:\/\/al-lepellerin.fr\/wp-content\/uploads\/2024\/06\/2024-03-23-18-27-14-768x576.jpeg 768w, https:\/\/al-lepellerin.fr\/wp-content\/uploads\/2024\/06\/2024-03-23-18-27-14-1536x1152.jpeg 1536w, https:\/\/al-lepellerin.fr\/wp-content\/uploads\/2024\/06\/2024-03-23-18-27-14-2048x1536.jpeg 2048w, https:\/\/al-lepellerin.fr\/wp-content\/uploads\/2024\/06\/2024-03-23-18-27-14-60x46.jpeg 60w\" sizes=\"auto, (max-width: 1024px) 100vw, 1024px\" \/><\/figure>\n<\/figure>\n\n\n\n<figure class=\"wp-block-table\"><table><tbody><tr><td>Samedi matin de 9h \u00e0 12h30<\/td><td>Ecole de pilotage :  En salle sur circuit moquette<\/td><\/tr><\/tbody><\/table><figcaption class=\"wp-element-caption\">Les deux sessions sout ouvertes \u00e0 tous, mais pour commencer les sessions confirm\u00e9s, il faudra l&rsquo;accord d&rsquo;un organisateur<\/figcaption><\/figure>\n\n\n\n<p class=\"has-text-align-center\" style=\"font-size:19px\"><strong>Tarif et inscriptions : <br>A partir de 12 ans. Engagement annuel (de septembre \u00e0 juin) : 50\u20ac + adhesion \u00e0 l&rsquo;amicale (28\u20ac\/adulte ou 14\u20ac\/enfant)<\/strong><br>Pr\u00e9voir l&rsquo;achat de mat\u00e9riel. Pas de panique, nous sommes l\u00e0 pour vous guider en fonction de votre budget, et la section dispose de v\u00e9hicule pour essayer, ou en attendant d&rsquo;avoir son propre mat\u00e9riel.<br><br><br><br><\/p>\n\n\n\n<h2 class=\"wp-block-heading\">Le bulletin d&rsquo;inscription 2023\/2024<\/h2>\n\n\n\n<div data-wp-interactive=\"core\/file\" class=\"wp-block-file\"><object data-wp-bind--hidden=\"!state.hasPdfPreview\" hidden class=\"wp-block-file__embed\" data=\"https:\/\/al-lepellerin.fr\/wp-content\/uploads\/2024\/08\/web-Bulletin-dinscription-2024_2025-1.pdf\" type=\"application\/pdf\" style=\"width:100%;height:600px\" aria-label=\"Contenu embarqu\u00e9 web Bulletin d\u2019inscription 2024_2025 (1).\"><\/object><a id=\"wp-block-file--media-835abc81-f437-49eb-9751-3c9ff4bcd6a2\" href=\"https:\/\/al-lepellerin.fr\/wp-content\/uploads\/2024\/08\/web-Bulletin-dinscription-2024_2025-1.pdf\">web Bulletin d\u2019inscription 2024_2025 (1)<\/a><a href=\"https:\/\/al-lepellerin.fr\/wp-content\/uploads\/2024\/08\/web-Bulletin-dinscription-2024_2025-1.pdf\" class=\"wp-block-file__button wp-element-button\" download aria-describedby=\"wp-block-file--media-835abc81-f437-49eb-9751-3c9ff4bcd6a2\">T\u00e9l\u00e9charger<\/a><\/div>\n\n\n\n<p><br><br><\/p>\n\n\n\n<h2 class=\"wp-block-heading\">Un \u00e9v\u00e8nement annuel incontournable<\/h2>\n\n\n\n<p>Nous organisons (avec nos partenaires : Peuziat Racing Team, Rivi\u00e8re Prod, et VP design company) chaque ann\u00e9e au Pellerin une course de comp\u00e9tition \u00e0 rayonnement international : le GP offroad Pellerinais. Cette course indoor se d\u00e9roule en d\u00e9but d&rsquo;ann\u00e9e et rassemble les comp\u00e9titeurs licenci\u00e9s pratiquant le tout terrain \u00e0 l&rsquo;\u00e9chelle 1\/10. Nous installons un circuit de 600m\u00b2 sur moquette qui m\u00e9rite le coup d&rsquo;oeil. <\/p>\n\n\n\n<figure class=\"wp-block-embed is-type-video is-provider-youtube wp-block-embed-youtube wp-embed-aspect-16-9 wp-has-aspect-ratio\"><div class=\"wp-block-embed__wrapper\">\n<iframe loading=\"lazy\" title=\"GP OffRoad NANTAIS 2024 avec Valentin Peuziat, Noha BenMohamed et  remise des prix Buggy RC\" width=\"1140\" height=\"641\" src=\"https:\/\/www.youtube.com\/embed\/VWm3NyC2GzQ?feature=oembed\" frameborder=\"0\" allow=\"accelerometer; autoplay; clipboard-write; encrypted-media; gyroscope; picture-in-picture; web-share\" referrerpolicy=\"strict-origin-when-cross-origin\" allowfullscreen><\/iframe>\n<\/div><\/figure>\n\n\n\n<p><br><br><br><\/p>\n\n\n\n<div class=\"wp-block-columns is-layout-flex wp-container-core-columns-is-layout-9d6595d7 wp-block-columns-is-layout-flex\">\n<div class=\"wp-block-column is-layout-flow wp-block-column-is-layout-flow\" style=\"flex-basis:100%\">\n<p class=\"has-text-align-center has-medium-font-size\">Une question ? contactez nous sur : <a href=\"mailto:lespetitsbolides@al-lepellerin.fr\">lespetitsbolides@al-lepellerin.fr<\/a> ou envoyez nous un message :<\/p>\n<\/div>\n<\/div>\n\n\n<style id=\"wpforms-css-vars-root\">\n\t\t\t\t:root {\n\t\t\t\t\t--wpforms-field-border-radius: 3px;\n--wpforms-field-border-style: solid;\n--wpforms-field-border-size: 1px;\n--wpforms-field-background-color: #ffffff;\n--wpforms-field-border-color: rgba( 0, 0, 0, 0.25 );\n--wpforms-field-border-color-spare: rgba( 0, 0, 0, 0.25 );\n--wpforms-field-text-color: rgba( 0, 0, 0, 0.7 );\n--wpforms-field-menu-color: #ffffff;\n--wpforms-label-color: rgba( 0, 0, 0, 0.85 );\n--wpforms-label-sublabel-color: rgba( 0, 0, 0, 0.55 );\n--wpforms-label-error-color: #d63637;\n--wpforms-button-border-radius: 3px;\n--wpforms-button-border-style: none;\n--wpforms-button-border-size: 1px;\n--wpforms-button-background-color: #066aab;\n--wpforms-button-border-color: #066aab;\n--wpforms-button-text-color: #ffffff;\n--wpforms-page-break-color: #066aab;\n--wpforms-background-image: none;\n--wpforms-background-position: center center;\n--wpforms-background-repeat: no-repeat;\n--wpforms-background-size: cover;\n--wpforms-background-width: 100px;\n--wpforms-background-height: 100px;\n--wpforms-background-color: rgba( 0, 0, 0, 0 );\n--wpforms-background-url: none;\n--wpforms-container-padding: 0px;\n--wpforms-container-border-style: none;\n--wpforms-container-border-width: 1px;\n--wpforms-container-border-color: #000000;\n--wpforms-container-border-radius: 3px;\n--wpforms-field-size-input-height: 43px;\n--wpforms-field-size-input-spacing: 15px;\n--wpforms-field-size-font-size: 16px;\n--wpforms-field-size-line-height: 19px;\n--wpforms-field-size-padding-h: 14px;\n--wpforms-field-size-checkbox-size: 16px;\n--wpforms-field-size-sublabel-spacing: 5px;\n--wpforms-field-size-icon-size: 1;\n--wpforms-label-size-font-size: 16px;\n--wpforms-label-size-line-height: 19px;\n--wpforms-label-size-sublabel-font-size: 14px;\n--wpforms-label-size-sublabel-line-height: 17px;\n--wpforms-button-size-font-size: 17px;\n--wpforms-button-size-height: 41px;\n--wpforms-button-size-padding-h: 15px;\n--wpforms-button-size-margin-top: 10px;\n--wpforms-container-shadow-size-box-shadow: none;\n\n\t\t\t\t}\n\t\t\t<\/style><div class=\"wpforms-container wpforms-container-full wpforms-block wpforms-block-9448c558-140f-4d9f-a4ed-31b884d23b3a wpforms-render-modern\" id=\"wpforms-1781\"><form id=\"wpforms-form-1781\" class=\"wpforms-validate wpforms-form wpforms-ajax-form\" data-formid=\"1781\" method=\"post\" enctype=\"multipart\/form-data\" action=\"\/index.php\/wp-json\/wp\/v2\/pages\/1536\" data-token=\"261295ad263acdea72b0b9c744583c64\" data-token-time=\"1777730184\"><noscript class=\"wpforms-error-noscript\">Veuillez activer JavaScript dans votre navigateur pour remplir ce formulaire.<\/noscript><div class=\"wpforms-hidden\" id=\"wpforms-error-noscript\">Veuillez activer JavaScript dans votre navigateur pour remplir ce formulaire.<\/div><div class=\"wpforms-field-container\"><div id=\"wpforms-1781-field_0-container\" class=\"wpforms-field wpforms-field-name\" data-field-id=\"0\"><fieldset><legend class=\"wpforms-field-label\">Nom <span class=\"wpforms-required-label\" aria-hidden=\"true\">*<\/span><\/legend><div class=\"wpforms-field-row wpforms-field-medium\"><div class=\"wpforms-field-row-block wpforms-first wpforms-one-half\"><input type=\"text\" id=\"wpforms-1781-field_0\" class=\"wpforms-field-name-first wpforms-field-required\" name=\"wpforms[fields][0][first]\" aria-errormessage=\"wpforms-1781-field_0-error\" required><label for=\"wpforms-1781-field_0\" class=\"wpforms-field-sublabel after \">Pr\u00e9nom<\/label><\/div><div class=\"wpforms-field-row-block wpforms-one-half\"><input type=\"text\" id=\"wpforms-1781-field_0-last\" class=\"wpforms-field-name-last wpforms-field-required\" name=\"wpforms[fields][0][last]\" aria-errormessage=\"wpforms-1781-field_0-last-error\" required><label for=\"wpforms-1781-field_0-last\" class=\"wpforms-field-sublabel after \">Nom<\/label><\/div><\/div><\/fieldset><\/div><div id=\"wpforms-1781-field_1-container\" class=\"wpforms-field wpforms-field-email\" data-field-id=\"1\"><label class=\"wpforms-field-label\" for=\"wpforms-1781-field_1\">E-mail <span class=\"wpforms-required-label\" aria-hidden=\"true\">*<\/span><\/label><input type=\"email\" id=\"wpforms-1781-field_1\" class=\"wpforms-field-medium wpforms-field-required\" name=\"wpforms[fields][1]\" spellcheck=\"false\" aria-errormessage=\"wpforms-1781-field_1-error\" required><\/div><div id=\"wpforms-1781-field_2-container\" class=\"wpforms-field wpforms-field-textarea\" data-field-id=\"2\"><label class=\"wpforms-field-label\" for=\"wpforms-1781-field_2\">Commentaire ou message<\/label><textarea id=\"wpforms-1781-field_2\" class=\"wpforms-field-medium\" name=\"wpforms[fields][2]\" aria-errormessage=\"wpforms-1781-field_2-error\" ><\/textarea><\/div><\/div><!-- .wpforms-field-container --><div class=\"wpforms-recaptcha-container wpforms-is-recaptcha wpforms-is-recaptcha-type-v2\" ><div class=\"g-recaptcha\" data-sitekey=\"6LeVnxMqAAAAAIonvqWSA0b4lF6NFnPJAUVELxfZ\"><\/div><input type=\"text\" name=\"g-recaptcha-hidden\" class=\"wpforms-recaptcha-hidden\" style=\"position:absolute!important;clip:rect(0,0,0,0)!important;height:1px!important;width:1px!important;border:0!important;overflow:hidden!important;padding:0!important;margin:0!important;\" data-rule-recaptcha=\"1\"><\/div><div class=\"wpforms-submit-container\" ><input type=\"hidden\" name=\"wpforms[id]\" value=\"1781\"><input type=\"hidden\" name=\"page_title\" value=\"\"><input type=\"hidden\" name=\"page_url\" value=\"https:\/\/al-lepellerin.fr\/index.php\/wp-json\/wp\/v2\/pages\/1536\"><button type=\"submit\" name=\"wpforms[submit]\" id=\"wpforms-submit-1781\" class=\"wpforms-submit\" data-alt-text=\"Envoi...\" data-submit-text=\"Envoyer\" aria-live=\"assertive\" value=\"wpforms-submit\">Envoyer<\/button><img loading=\"lazy\" decoding=\"async\" src=\"https:\/\/al-lepellerin.fr\/wp-content\/plugins\/wpforms-lite\/assets\/images\/submit-spin.svg\" class=\"wpforms-submit-spinner\" style=\"display: none;\" width=\"26\" height=\"26\" alt=\"Chargement en cours\"><\/div><\/form><\/div>  <!-- .wpforms-container -->","protected":false},"excerpt":{"rendered":"<p>\u00ab\u00a0Les petits bolides Pellerinais\u00a0\u00bb c&rsquo;est le nom de notre section mod\u00e9lisme ouverte en 2023. L&rsquo;objectif des petits bolides Pellerinais est de partager et de faire d\u00e9couvrir la pratique du mod\u00e9lisme automobile radiocommand\u00e9. Ici des passionn\u00e9s s&rsquo;entraident et se retrouvent autour des activit\u00e9s de pilotage, fabrication, r\u00e9paration et customisation de leurs mod\u00e8les r\u00e9duits.Nous avons \u00e0 c\u0153ur de garder cette section ind\u00e9pendante de tout organisme (FFVRC \/ UFOLEP) pour conserver l&rsquo;esprit loisir \/ de partage qui anime nos sessions. Cependant nous sommes \u00e0 m\u00eame d&rsquo;accompagner ceux qui souhaitent commencer la comp\u00e9tition. Les rendez vous hebdomadaires Samedi matin de 9h \u00e0 12h30 Ecole&#8230;<\/p>\n","protected":false},"author":1,"featured_media":0,"parent":0,"menu_order":0,"comment_status":"closed","ping_status":"closed","template":"","meta":{"_acf_changed":false,"footnotes":""},"class_list":["post-1536","page","type-page","status-publish","hentry"],"acf":[],"_links":{"self":[{"href":"https:\/\/al-lepellerin.fr\/index.php\/wp-json\/wp\/v2\/pages\/1536","targetHints":{"allow":["GET"]}}],"collection":[{"href":"https:\/\/al-lepellerin.fr\/index.php\/wp-json\/wp\/v2\/pages"}],"about":[{"href":"https:\/\/al-lepellerin.fr\/index.php\/wp-json\/wp\/v2\/types\/page"}],"author":[{"embeddable":true,"href":"https:\/\/al-lepellerin.fr\/index.php\/wp-json\/wp\/v2\/users\/1"}],"replies":[{"embeddable":true,"href":"https:\/\/al-lepellerin.fr\/index.php\/wp-json\/wp\/v2\/comments?post=1536"}],"version-history":[{"count":38,"href":"https:\/\/al-lepellerin.fr\/index.php\/wp-json\/wp\/v2\/pages\/1536\/revisions"}],"predecessor-version":[{"id":2119,"href":"https:\/\/al-lepellerin.fr\/index.php\/wp-json\/wp\/v2\/pages\/1536\/revisions\/2119"}],"wp:attachment":[{"href":"https:\/\/al-lepellerin.fr\/index.php\/wp-json\/wp\/v2\/media?parent=1536"}],"curies":[{"name":"wp","href":"https:\/\/api.w.org\/{rel}","templated":true}]}}