{"id":1534,"date":"2024-06-10T13:45:00","date_gmt":"2024-06-10T11:45:00","guid":{"rendered":"http:\/\/lsrbpmw.cluster023.hosting.ovh.net\/?page_id=1534"},"modified":"2025-08-20T13:16:04","modified_gmt":"2025-08-20T11:16:04","slug":"danse-modern-jazz","status":"publish","type":"page","link":"https:\/\/al-lepellerin.fr\/index.php\/danse-modern-jazz\/","title":{"rendered":"Danse Modern Jazz"},"content":{"rendered":"\n<p class=\"has-text-align-center\"><strong>Responsable de section<\/strong> : Am\u00e9lie GOUARD et Anne-Isabelle DR\u00c9AN<br><strong>Professeur :<\/strong>  Nolwenn LOGODIN (dipl\u00f4m\u00e9e d\u2019\u00c9tat) :<\/p>\n\n\n<div class=\"wp-block-image\">\n<figure class=\"aligncenter size-full is-resized\"><img loading=\"lazy\" decoding=\"async\" width=\"726\" height=\"719\" src=\"https:\/\/al-lepellerin.fr\/wp-content\/uploads\/2024\/08\/image.png\" alt=\"\" class=\"wp-image-1878\" style=\"aspect-ratio:1;object-fit:cover;width:300px\" srcset=\"https:\/\/al-lepellerin.fr\/wp-content\/uploads\/2024\/08\/image.png 726w, https:\/\/al-lepellerin.fr\/wp-content\/uploads\/2024\/08\/image-300x297.png 300w, https:\/\/al-lepellerin.fr\/wp-content\/uploads\/2024\/08\/image-150x150.png 150w, https:\/\/al-lepellerin.fr\/wp-content\/uploads\/2024\/08\/image-80x80.png 80w\" sizes=\"auto, (max-width: 726px) 100vw, 726px\" \/><\/figure>\n<\/div>\n\n\n<p><strong>Nous proposons une pratique hebdomadaire de la danse en loisir :<\/strong><br><br>pour les enfants (\u00e0 partir de 4 ans) et les adultes.<br>Jusqu\u2019\u00e0 10 ans ce sont des cours de Modern Jazz. Pour les adolescents et les adultes ce sont des cours de Street jazz aux influences un peu plus urbaines. Notre professeure Nolwenn enseigne cette discipline au sein de l\u2019ALP depuis 16 ans avec p\u00e9dagogie, bienveillance et bonne humeur. Elle propose un travail d\u2019\u00e9chauffements, d\u2019assouplissements, d\u2019occupation de l\u2019espace, de coordination et de m\u00e9morisation des chor\u00e9graphies qui sont vari\u00e9es. Avec pour objectif de proposer en fin d\u2019ann\u00e9e un spectacle.<\/p>\n\n\n\n<p><br><strong>D\u00e9roulement de l\u2019activit\u00e9 (quand \/ o\u00f9 \/ \u00e0 quelle fr\u00e9quence) :<\/strong><br><br><strong>Lieu :<\/strong> Salle de Danse Espace Cassin<br><br><strong>Fr\u00e9quence <\/strong>: 1 fois par semaine<br><br><strong>Cr\u00e9neaux :<\/strong><br><br>\u00c9veil (4-5 ans) jeudi 17h15-18h ou samedi 10h30-11h15<br>Initiation (6-7 ans) samedi 11h15-12h15<br>Initiation (7-8 ans) samedi 12h15-13h15<br>Perfectionnement (8-9 ans) samedi 9h30-10h30<br>Perfectionnement (9-10 ans) mardi 18h-19h<br>Ado (10-12 ans) mardi 19h-20h15<br>Ado (13-15 ans) jeudi 18h-19h15<br>Ado (15-18 ans) jeudi 19h15-20h30<br>Adultes (d\u00e9butant\/interm\u00e9diaire) mardi 20h30-21h45<br>Adultes(interm\u00e9diaire\/confirm\u00e9) jeudi 20h45-22h<br><br>Les cr\u00e9neaux peuvent \u00eatre adapt\u00e9s en fonction du nombre d\u2019\u00e9l\u00e8ves afin d\u2019\u00e9quilibrer les groupes.<\/p>\n\n\n\n<p><strong>Tarifs et conditions 2024\/2025 : de 112\u20ac \u00e0 172\u20ac selon le cours + adh\u00e9sion ALP (enfant 14\u20ac \/ adulte 28\u20ac)<\/strong><\/p>\n\n\n\n<p><strong>Autres informations :<\/strong> Gala de fin d\u2019ann\u00e9e<br>Proposition de stages (ateliers d\u00e9couverte ou perfectionnement, pour enfants et adultes) pendant les vacances scolaires.<br>Nous serons pr\u00e9sentes au Forum des Associations samedi 6 septembre \u00e0 partir de 14h, n\u2019h\u00e9sitez pas \u00e0 venir nous rencontrer. Nous proposons \u00e9galement un formulaire de pr\u00e9inscription disponible via le lien suivant accessible jusqu\u2019au mercredi 3 septembre 20h :<br><\/p>\n\n\n\n<p><a href=\"https:\/\/docs.google.com\/forms\/d\/e\/1FAIpQLSd-dyv0NX-6uW9rNgbBOQwKdRQiHOM6sJhsLVW31-NkHjjkAw\/viewform\">Lien pr\u00e9inscription Modern Jazz 2025\/2026<\/a><\/p>\n\n\n\n<p>Contact : <a href=\"mailto:dansemodernjazz@al-lepellerin.fr\">dansemodernjazz@al-lepellerin.fr<\/a><\/p>\n\n\n<div class=\"wpforms-container wpforms-container-full wpforms-render-modern\" id=\"wpforms-1874\"><form id=\"wpforms-form-1874\" class=\"wpforms-validate wpforms-form wpforms-ajax-form\" data-formid=\"1874\" method=\"post\" enctype=\"multipart\/form-data\" action=\"\/index.php\/wp-json\/wp\/v2\/pages\/1534\" data-token=\"19c3dc217c587a6a1df1581c922d2ff4\" data-token-time=\"1777730251\"><noscript class=\"wpforms-error-noscript\">Veuillez activer JavaScript dans votre navigateur pour remplir ce formulaire.<\/noscript><div class=\"wpforms-hidden\" id=\"wpforms-error-noscript\">Veuillez activer JavaScript dans votre navigateur pour remplir ce formulaire.<\/div><div class=\"wpforms-field-container\"><div id=\"wpforms-1874-field_0-container\" class=\"wpforms-field wpforms-field-name\" data-field-id=\"0\"><fieldset><legend class=\"wpforms-field-label\">Nom <span class=\"wpforms-required-label\" aria-hidden=\"true\">*<\/span><\/legend><div class=\"wpforms-field-row wpforms-field-medium\"><div class=\"wpforms-field-row-block wpforms-first wpforms-one-half\"><input type=\"text\" id=\"wpforms-1874-field_0\" class=\"wpforms-field-name-first wpforms-field-required\" name=\"wpforms[fields][0][first]\" aria-errormessage=\"wpforms-1874-field_0-error\" required><label for=\"wpforms-1874-field_0\" class=\"wpforms-field-sublabel after \">Pr\u00e9nom<\/label><\/div><div class=\"wpforms-field-row-block wpforms-one-half\"><input type=\"text\" id=\"wpforms-1874-field_0-last\" class=\"wpforms-field-name-last wpforms-field-required\" name=\"wpforms[fields][0][last]\" aria-errormessage=\"wpforms-1874-field_0-last-error\" required><label for=\"wpforms-1874-field_0-last\" class=\"wpforms-field-sublabel after \">Nom<\/label><\/div><\/div><\/fieldset><\/div><div id=\"wpforms-1874-field_1-container\" class=\"wpforms-field wpforms-field-email\" data-field-id=\"1\"><label class=\"wpforms-field-label\" for=\"wpforms-1874-field_1\">E-mail <span class=\"wpforms-required-label\" aria-hidden=\"true\">*<\/span><\/label><input type=\"email\" id=\"wpforms-1874-field_1\" class=\"wpforms-field-medium wpforms-field-required\" name=\"wpforms[fields][1]\" spellcheck=\"false\" aria-errormessage=\"wpforms-1874-field_1-error\" required><\/div><div id=\"wpforms-1874-field_2-container\" class=\"wpforms-field wpforms-field-textarea\" data-field-id=\"2\"><label class=\"wpforms-field-label\" for=\"wpforms-1874-field_2\">Commentaire ou message<\/label><textarea id=\"wpforms-1874-field_2\" class=\"wpforms-field-medium\" name=\"wpforms[fields][2]\" aria-errormessage=\"wpforms-1874-field_2-error\" ><\/textarea><\/div><\/div><!-- .wpforms-field-container --><div class=\"wpforms-recaptcha-container wpforms-is-recaptcha wpforms-is-recaptcha-type-v2\" ><div class=\"g-recaptcha\" data-sitekey=\"6LeVnxMqAAAAAIonvqWSA0b4lF6NFnPJAUVELxfZ\"><\/div><input type=\"text\" name=\"g-recaptcha-hidden\" class=\"wpforms-recaptcha-hidden\" style=\"position:absolute!important;clip:rect(0,0,0,0)!important;height:1px!important;width:1px!important;border:0!important;overflow:hidden!important;padding:0!important;margin:0!important;\" data-rule-recaptcha=\"1\"><\/div><div class=\"wpforms-submit-container\" ><input type=\"hidden\" name=\"wpforms[id]\" value=\"1874\"><input type=\"hidden\" name=\"page_title\" value=\"\"><input type=\"hidden\" name=\"page_url\" value=\"https:\/\/al-lepellerin.fr\/index.php\/wp-json\/wp\/v2\/pages\/1534\"><button type=\"submit\" name=\"wpforms[submit]\" id=\"wpforms-submit-1874\" class=\"wpforms-submit\" data-alt-text=\"Envoi...\" data-submit-text=\"Envoyer\" aria-live=\"assertive\" value=\"wpforms-submit\">Envoyer<\/button><img loading=\"lazy\" decoding=\"async\" src=\"https:\/\/al-lepellerin.fr\/wp-content\/plugins\/wpforms-lite\/assets\/images\/submit-spin.svg\" class=\"wpforms-submit-spinner\" style=\"display: none;\" width=\"26\" height=\"26\" alt=\"Chargement en cours\"><\/div><\/form><\/div>  <!-- .wpforms-container -->\n","protected":false},"excerpt":{"rendered":"<p>Responsable de section : Am\u00e9lie GOUARD et Anne-Isabelle DR\u00c9ANProfesseur : Nolwenn LOGODIN (dipl\u00f4m\u00e9e d\u2019\u00c9tat) : Nous proposons une pratique hebdomadaire de la danse en loisir : pour les enfants (\u00e0 partir de 4 ans) et les adultes.Jusqu\u2019\u00e0 10 ans ce sont des cours de Modern Jazz. Pour les adolescents et les adultes ce sont des cours de Street jazz aux influences un peu plus urbaines. Notre professeure Nolwenn enseigne cette discipline au sein de l\u2019ALP depuis 16 ans avec p\u00e9dagogie, bienveillance et bonne humeur. Elle propose un travail d\u2019\u00e9chauffements, d\u2019assouplissements, d\u2019occupation de l\u2019espace, de coordination et de m\u00e9morisation des chor\u00e9graphies&#8230;<\/p>\n","protected":false},"author":1,"featured_media":0,"parent":0,"menu_order":0,"comment_status":"closed","ping_status":"closed","template":"","meta":{"_acf_changed":false,"footnotes":""},"class_list":["post-1534","page","type-page","status-publish","hentry"],"acf":[],"_links":{"self":[{"href":"https:\/\/al-lepellerin.fr\/index.php\/wp-json\/wp\/v2\/pages\/1534","targetHints":{"allow":["GET"]}}],"collection":[{"href":"https:\/\/al-lepellerin.fr\/index.php\/wp-json\/wp\/v2\/pages"}],"about":[{"href":"https:\/\/al-lepellerin.fr\/index.php\/wp-json\/wp\/v2\/types\/page"}],"author":[{"embeddable":true,"href":"https:\/\/al-lepellerin.fr\/index.php\/wp-json\/wp\/v2\/users\/1"}],"replies":[{"embeddable":true,"href":"https:\/\/al-lepellerin.fr\/index.php\/wp-json\/wp\/v2\/comments?post=1534"}],"version-history":[{"count":6,"href":"https:\/\/al-lepellerin.fr\/index.php\/wp-json\/wp\/v2\/pages\/1534\/revisions"}],"predecessor-version":[{"id":2110,"href":"https:\/\/al-lepellerin.fr\/index.php\/wp-json\/wp\/v2\/pages\/1534\/revisions\/2110"}],"wp:attachment":[{"href":"https:\/\/al-lepellerin.fr\/index.php\/wp-json\/wp\/v2\/media?parent=1534"}],"curies":[{"name":"wp","href":"https:\/\/api.w.org\/{rel}","templated":true}]}}